{"id":349,"date":"2024-03-18T23:09:01","date_gmt":"2024-03-18T23:09:01","guid":{"rendered":"https:\/\/carrentalsri.com\/?page_id=349"},"modified":"2024-03-29T16:01:49","modified_gmt":"2024-03-29T16:01:49","slug":"about","status":"publish","type":"page","link":"https:\/\/carrentalsri.com\/es\/about\/","title":{"rendered":"Sobre nosotros"},"content":{"rendered":"<div data-elementor-type=\"wp-page\" data-elementor-id=\"349\" class=\"elementor elementor-349\" data-elementor-post-type=\"page\">\n\t\t\t\t<div class=\"elementor-element elementor-element-2cdf5ee e-flex e-con-boxed e-con e-parent\" data-id=\"2cdf5ee\" data-element_type=\"container\" data-e-type=\"container\" data-settings=\"{&quot;background_background&quot;:&quot;classic&quot;}\">\n\t\t\t\t\t<div class=\"e-con-inner\">\n\t\t\t\t<div class=\"elementor-element elementor-element-fea9fe5 elementor-invisible elementor-widget elementor-widget-heading\" data-id=\"fea9fe5\" data-element_type=\"widget\" data-e-type=\"widget\" data-settings=\"{&quot;_animation&quot;:&quot;fadeIn&quot;}\" data-widget_type=\"heading.default\">\n\t\t\t\t<div class=\"elementor-widget-container\">\n\t\t\t\t\t<h2 class=\"elementor-heading-title elementor-size-default\">Acerca de nosotros<\/h2>\t\t\t\t<\/div>\n\t\t\t\t<\/div>\n\t\t\t\t<div class=\"elementor-element elementor-element-4234c09 elementor-invisible elementor-widget elementor-widget-heading\" data-id=\"4234c09\" data-element_type=\"widget\" data-e-type=\"widget\" data-settings=\"{&quot;_animation&quot;:&quot;fadeIn&quot;}\" data-widget_type=\"heading.default\">\n\t\t\t\t<div class=\"elementor-widget-container\">\n\t\t\t\t\t<h2 class=\"elementor-heading-title elementor-size-default\">Tu viaje, adaptado para ti<\/h2>\t\t\t\t<\/div>\n\t\t\t\t<\/div>\n\t\t\t\t\t<\/div>\n\t\t\t\t<\/div>\n\t\t<div class=\"elementor-element elementor-element-a9de2ef e-flex e-con-boxed e-con e-parent\" data-id=\"a9de2ef\" data-element_type=\"container\" data-e-type=\"container\" data-settings=\"{&quot;background_background&quot;:&quot;classic&quot;}\">\n\t\t\t\t\t<div class=\"e-con-inner\">\n\t\t\t\t<div class=\"elementor-element elementor-element-3521fd9 elementor-invisible elementor-widget elementor-widget-heading\" data-id=\"3521fd9\" data-element_type=\"widget\" data-e-type=\"widget\" data-settings=\"{&quot;_animation&quot;:&quot;fadeIn&quot;}\" data-widget_type=\"heading.default\">\n\t\t\t\t<div class=\"elementor-widget-container\">\n\t\t\t\t\t<h2 class=\"elementor-heading-title elementor-size-default\">Nuestro objetivo es conducir tu satisfacci\u00f3n<\/h2>\t\t\t\t<\/div>\n\t\t\t\t<\/div>\n\t\t\t\t<div class=\"elementor-element elementor-element-cddbf4a elementor-invisible elementor-widget elementor-widget-text-editor\" data-id=\"cddbf4a\" data-element_type=\"widget\" data-e-type=\"widget\" data-settings=\"{&quot;_animation&quot;:&quot;fadeIn&quot;}\" data-widget_type=\"text-editor.default\">\n\t\t\t\t<div class=\"elementor-widget-container\">\n\t\t\t\t\t\t\t\t\t<p>No somos solo otra compa\u00f1\u00eda de alquiler de autos; somos tu puerta de entrada para explorar el encanto \u00fanico de Rhode Island. Ya sea que est\u00e9s planeando una serena escapada a la playa, navegando por las vibrantes calles de Providence o embarc\u00e1ndote en un paseo esc\u00e9nico por el Estado del Oc\u00e9ano, nuestra variada flota est\u00e1 lista para satisfacer todas tus necesidades. Desde elegantes sedanes para conducir en la ciudad hasta espaciosas SUVs para aventuras familiares, aseguramos que tu viaje sea c\u00f3modo, seguro y adaptado a tu trayecto.<\/p>\t\t\t\t\t\t\t\t<\/div>\n\t\t\t\t<\/div>\n\t\t\t\t\t<\/div>\n\t\t\t\t<\/div>\n\t\t<div class=\"elementor-element elementor-element-3291d16 e-flex e-con-boxed e-con e-parent\" data-id=\"3291d16\" data-element_type=\"container\" data-e-type=\"container\">\n\t\t\t\t\t<div class=\"e-con-inner\">\n\t\t<div class=\"elementor-element elementor-element-630680b e-con-full e-flex e-con e-child\" data-id=\"630680b\" data-element_type=\"container\" data-e-type=\"container\">\n\t\t<div class=\"elementor-element elementor-element-6be9f06 e-con-full e-flex e-con e-child\" data-id=\"6be9f06\" data-element_type=\"container\" data-e-type=\"container\">\n\t\t\t\t<div class=\"elementor-element elementor-element-c8e79bb elementor-invisible elementor-widget elementor-widget-heading\" data-id=\"c8e79bb\" data-element_type=\"widget\" data-e-type=\"widget\" data-settings=\"{&quot;_animation&quot;:&quot;fadeIn&quot;}\" data-widget_type=\"heading.default\">\n\t\t\t\t<div class=\"elementor-widget-container\">\n\t\t\t\t\t<h2 class=\"elementor-heading-title elementor-size-default\">\u00bfPor qu\u00e9 elegirnos?<\/h2>\t\t\t\t<\/div>\n\t\t\t\t<\/div>\n\t\t\t\t<div class=\"elementor-element elementor-element-2d05a6a elementor-invisible elementor-widget elementor-widget-text-editor\" data-id=\"2d05a6a\" data-element_type=\"widget\" data-e-type=\"widget\" data-settings=\"{&quot;_animation&quot;:&quot;fadeIn&quot;}\" data-widget_type=\"text-editor.default\">\n\t\t\t\t<div class=\"elementor-widget-container\">\n\t\t\t\t\t\t\t\t\t<p>Flexibilidad y conveniencia: La vida es impredecible, especialmente cuando est\u00e1s en movimiento. Por eso, nuestros planes de alquiler en Rhode Island est\u00e1n dise\u00f1ados para adaptarse a tu horario, no al rev\u00e9s. Ya sea a corto o largo plazo, reservar tu veh\u00edculo perfecto es f\u00e1cil y sin estr\u00e9s con nuestra plataforma en l\u00ednea.<\/p>\n<p>Nuestras ra\u00edces en Rhode Island significan que entendemos qu\u00e9 hace especial a este lugar. Estamos comprometidos a brindar no solo un coche, sino una experiencia de viaje sin problemas que te permita disfrutar lo mejor de Rhode Island sin los habituales inconvenientes del alquiler. No est\u00e1s solo alquilando un coche; est\u00e1s desbloqueando la libertad para explorar todo lo que RI tiene para ofrecer.<\/p>\n<p>\u00danete a nosotros en el viaje y descubre por qu\u00e9 Car Rentals RI es la opci\u00f3n preferida para alquiler de autos en Rhode Island.&nbsp;<\/p>\t\t\t\t\t\t\t\t<\/div>\n\t\t\t\t<\/div>\n\t\t\t\t<\/div>\n\t\t<div class=\"elementor-element elementor-element-d0ee0bb e-con-full e-flex e-con e-child\" data-id=\"d0ee0bb\" data-element_type=\"container\" data-e-type=\"container\" data-settings=\"{&quot;background_background&quot;:&quot;classic&quot;}\">\n\t\t\t\t<div class=\"elementor-element elementor-element-f0fa691 elementor-invisible elementor-widget elementor-widget-image\" data-id=\"f0fa691\" data-element_type=\"widget\" data-e-type=\"widget\" data-settings=\"{&quot;_animation&quot;:&quot;fadeIn&quot;}\" data-widget_type=\"image.default\">\n\t\t\t\t<div class=\"elementor-widget-container\">\n\t\t\t\t\t\t\t\t\t\t\t\t\t\t\t<img fetchpriority=\"high\" decoding=\"async\" width=\"800\" height=\"450\" src=\"https:\/\/carrentalsri.com\/wp-content\/uploads\/2024\/02\/3114495-1024x576.jpg\" class=\"attachment-large size-large wp-image-28\" alt=\"\" srcset=\"https:\/\/carrentalsri.com\/wp-content\/uploads\/2024\/02\/3114495-1024x576.jpg 1024w, https:\/\/carrentalsri.com\/wp-content\/uploads\/2024\/02\/3114495-603x339.jpg 603w, https:\/\/carrentalsri.com\/wp-content\/uploads\/2024\/02\/3114495-300x169.jpg 300w, https:\/\/carrentalsri.com\/wp-content\/uploads\/2024\/02\/3114495-768x432.jpg 768w, https:\/\/carrentalsri.com\/wp-content\/uploads\/2024\/02\/3114495-1536x864.jpg 1536w, https:\/\/carrentalsri.com\/wp-content\/uploads\/2024\/02\/3114495.jpg 2048w\" sizes=\"(max-width: 800px) 100vw, 800px\" \/>\t\t\t\t\t\t\t\t\t\t\t\t\t\t\t<\/div>\n\t\t\t\t<\/div>\n\t\t\t\t<\/div>\n\t\t\t\t<\/div>\n\t\t\t\t\t<\/div>\n\t\t\t\t<\/div>\n\t\t\t\t<\/div>","protected":false},"excerpt":{"rendered":"<p>About Us Your Journey, Tailored For You Our Goal is to Drive Your Satisfaction We&#8217;re not just another car rental company; we&#8217;re your gateway to exploring Rhode Island&#8217;s unique charm. Whether you&#8217;re planning a serene beach getaway, navigating the vibrant streets of Providence, or embarking on a scenic drive through the Ocean State, our diverse [&hellip;]<\/p>\n","protected":false},"author":2,"featured_media":0,"parent":0,"menu_order":0,"comment_status":"closed","ping_status":"closed","template":"","meta":{"footnotes":""},"class_list":["post-349","page","type-page","status-publish","hentry"],"yoast_head":"<!-- This site is optimized with the Yoast SEO plugin v27.4 - https:\/\/yoast.com\/product\/yoast-seo-wordpress\/ -->\n<title>About - Car Rentals RI<\/title>\n<meta name=\"robots\" content=\"index, follow, max-snippet:-1, max-image-preview:large, max-video-preview:-1\" \/>\n<link rel=\"canonical\" href=\"https:\/\/carrentalsri.com\/es\/about\/\" \/>\n<meta property=\"og:locale\" content=\"es_MX\" \/>\n<meta property=\"og:type\" content=\"article\" \/>\n<meta property=\"og:title\" content=\"About - Car Rentals RI\" \/>\n<meta property=\"og:description\" content=\"About Us Your Journey, Tailored For You Our Goal is to Drive Your Satisfaction We&#8217;re not just another car rental company; we&#8217;re your gateway to exploring Rhode Island&#8217;s unique charm. Whether you&#8217;re planning a serene beach getaway, navigating the vibrant streets of Providence, or embarking on a scenic drive through the Ocean State, our diverse [&hellip;]\" \/>\n<meta property=\"og:url\" content=\"https:\/\/carrentalsri.com\/es\/about\/\" \/>\n<meta property=\"og:site_name\" content=\"Car Rentals RI\" \/>\n<meta property=\"article:modified_time\" content=\"2024-03-29T16:01:49+00:00\" \/>\n<meta property=\"og:image\" content=\"https:\/\/carrentalsri.com\/wp-content\/uploads\/2024\/02\/3114495-1024x576.jpg\" \/>\n<meta name=\"twitter:card\" content=\"summary_large_image\" \/>\n<meta name=\"twitter:label1\" content=\"Tiempo de lectura\" \/>\n\t<meta name=\"twitter:data1\" content=\"2 minutos\" \/>\n<script type=\"application\/ld+json\" class=\"yoast-schema-graph\">{\"@context\":\"https:\\\/\\\/schema.org\",\"@graph\":[{\"@type\":\"WebPage\",\"@id\":\"https:\\\/\\\/carrentalsri.com\\\/about\\\/\",\"url\":\"https:\\\/\\\/carrentalsri.com\\\/about\\\/\",\"name\":\"About - Car Rentals RI\",\"isPartOf\":{\"@id\":\"https:\\\/\\\/carrentalsri.com\\\/#website\"},\"primaryImageOfPage\":{\"@id\":\"https:\\\/\\\/carrentalsri.com\\\/about\\\/#primaryimage\"},\"image\":{\"@id\":\"https:\\\/\\\/carrentalsri.com\\\/about\\\/#primaryimage\"},\"thumbnailUrl\":\"https:\\\/\\\/carrentalsri.com\\\/wp-content\\\/uploads\\\/2024\\\/02\\\/3114495-1024x576.jpg\",\"datePublished\":\"2024-03-18T23:09:01+00:00\",\"dateModified\":\"2024-03-29T16:01:49+00:00\",\"breadcrumb\":{\"@id\":\"https:\\\/\\\/carrentalsri.com\\\/about\\\/#breadcrumb\"},\"inLanguage\":\"es\",\"potentialAction\":[{\"@type\":\"ReadAction\",\"target\":[\"https:\\\/\\\/carrentalsri.com\\\/about\\\/\"]}]},{\"@type\":\"ImageObject\",\"inLanguage\":\"es\",\"@id\":\"https:\\\/\\\/carrentalsri.com\\\/about\\\/#primaryimage\",\"url\":\"https:\\\/\\\/carrentalsri.com\\\/wp-content\\\/uploads\\\/2024\\\/02\\\/3114495-1024x576.jpg\",\"contentUrl\":\"https:\\\/\\\/carrentalsri.com\\\/wp-content\\\/uploads\\\/2024\\\/02\\\/3114495-1024x576.jpg\"},{\"@type\":\"BreadcrumbList\",\"@id\":\"https:\\\/\\\/carrentalsri.com\\\/about\\\/#breadcrumb\",\"itemListElement\":[{\"@type\":\"ListItem\",\"position\":1,\"name\":\"Home\",\"item\":\"https:\\\/\\\/carrentalsri.com\\\/\"},{\"@type\":\"ListItem\",\"position\":2,\"name\":\"About\"}]},{\"@type\":\"WebSite\",\"@id\":\"https:\\\/\\\/carrentalsri.com\\\/#website\",\"url\":\"https:\\\/\\\/carrentalsri.com\\\/\",\"name\":\"Car Rentals RI\",\"description\":\"\",\"publisher\":{\"@id\":\"https:\\\/\\\/carrentalsri.com\\\/#organization\"},\"potentialAction\":[{\"@type\":\"SearchAction\",\"target\":{\"@type\":\"EntryPoint\",\"urlTemplate\":\"https:\\\/\\\/carrentalsri.com\\\/?s={search_term_string}\"},\"query-input\":{\"@type\":\"PropertyValueSpecification\",\"valueRequired\":true,\"valueName\":\"search_term_string\"}}],\"inLanguage\":\"es\"},{\"@type\":\"Organization\",\"@id\":\"https:\\\/\\\/carrentalsri.com\\\/#organization\",\"name\":\"Car Rentals RI\",\"url\":\"https:\\\/\\\/carrentalsri.com\\\/\",\"logo\":{\"@type\":\"ImageObject\",\"inLanguage\":\"es\",\"@id\":\"https:\\\/\\\/carrentalsri.com\\\/#\\\/schema\\\/logo\\\/image\\\/\",\"url\":\"https:\\\/\\\/carrentalsri.com\\\/wp-content\\\/uploads\\\/2024\\\/02\\\/car_rentals_ri_logo.png\",\"contentUrl\":\"https:\\\/\\\/carrentalsri.com\\\/wp-content\\\/uploads\\\/2024\\\/02\\\/car_rentals_ri_logo.png\",\"width\":300,\"height\":250,\"caption\":\"Car Rentals RI\"},\"image\":{\"@id\":\"https:\\\/\\\/carrentalsri.com\\\/#\\\/schema\\\/logo\\\/image\\\/\"}}]}<\/script>\n<!-- \/ Yoast SEO plugin. -->","yoast_head_json":{"title":"About - Car Rentals RI","robots":{"index":"index","follow":"follow","max-snippet":"max-snippet:-1","max-image-preview":"max-image-preview:large","max-video-preview":"max-video-preview:-1"},"canonical":"https:\/\/carrentalsri.com\/es\/about\/","og_locale":"es_MX","og_type":"article","og_title":"About - Car Rentals RI","og_description":"About Us Your Journey, Tailored For You Our Goal is to Drive Your Satisfaction We&#8217;re not just another car rental company; we&#8217;re your gateway to exploring Rhode Island&#8217;s unique charm. Whether you&#8217;re planning a serene beach getaway, navigating the vibrant streets of Providence, or embarking on a scenic drive through the Ocean State, our diverse [&hellip;]","og_url":"https:\/\/carrentalsri.com\/es\/about\/","og_site_name":"Car Rentals RI","article_modified_time":"2024-03-29T16:01:49+00:00","og_image":[{"url":"https:\/\/carrentalsri.com\/wp-content\/uploads\/2024\/02\/3114495-1024x576.jpg","type":"","width":"","height":""}],"twitter_card":"summary_large_image","twitter_misc":{"Tiempo de lectura":"2 minutos"},"schema":{"@context":"https:\/\/schema.org","@graph":[{"@type":"WebPage","@id":"https:\/\/carrentalsri.com\/about\/","url":"https:\/\/carrentalsri.com\/about\/","name":"About - Car Rentals RI","isPartOf":{"@id":"https:\/\/carrentalsri.com\/#website"},"primaryImageOfPage":{"@id":"https:\/\/carrentalsri.com\/about\/#primaryimage"},"image":{"@id":"https:\/\/carrentalsri.com\/about\/#primaryimage"},"thumbnailUrl":"https:\/\/carrentalsri.com\/wp-content\/uploads\/2024\/02\/3114495-1024x576.jpg","datePublished":"2024-03-18T23:09:01+00:00","dateModified":"2024-03-29T16:01:49+00:00","breadcrumb":{"@id":"https:\/\/carrentalsri.com\/about\/#breadcrumb"},"inLanguage":"es","potentialAction":[{"@type":"ReadAction","target":["https:\/\/carrentalsri.com\/about\/"]}]},{"@type":"ImageObject","inLanguage":"es","@id":"https:\/\/carrentalsri.com\/about\/#primaryimage","url":"https:\/\/carrentalsri.com\/wp-content\/uploads\/2024\/02\/3114495-1024x576.jpg","contentUrl":"https:\/\/carrentalsri.com\/wp-content\/uploads\/2024\/02\/3114495-1024x576.jpg"},{"@type":"BreadcrumbList","@id":"https:\/\/carrentalsri.com\/about\/#breadcrumb","itemListElement":[{"@type":"ListItem","position":1,"name":"Home","item":"https:\/\/carrentalsri.com\/"},{"@type":"ListItem","position":2,"name":"About"}]},{"@type":"WebSite","@id":"https:\/\/carrentalsri.com\/#website","url":"https:\/\/carrentalsri.com\/","name":"Car Rentals RI","description":"","publisher":{"@id":"https:\/\/carrentalsri.com\/#organization"},"potentialAction":[{"@type":"SearchAction","target":{"@type":"EntryPoint","urlTemplate":"https:\/\/carrentalsri.com\/?s={search_term_string}"},"query-input":{"@type":"PropertyValueSpecification","valueRequired":true,"valueName":"search_term_string"}}],"inLanguage":"es"},{"@type":"Organization","@id":"https:\/\/carrentalsri.com\/#organization","name":"Car Rentals RI","url":"https:\/\/carrentalsri.com\/","logo":{"@type":"ImageObject","inLanguage":"es","@id":"https:\/\/carrentalsri.com\/#\/schema\/logo\/image\/","url":"https:\/\/carrentalsri.com\/wp-content\/uploads\/2024\/02\/car_rentals_ri_logo.png","contentUrl":"https:\/\/carrentalsri.com\/wp-content\/uploads\/2024\/02\/car_rentals_ri_logo.png","width":300,"height":250,"caption":"Car Rentals RI"},"image":{"@id":"https:\/\/carrentalsri.com\/#\/schema\/logo\/image\/"}}]}},"_links":{"self":[{"href":"https:\/\/carrentalsri.com\/es\/wp-json\/wp\/v2\/pages\/349","targetHints":{"allow":["GET"]}}],"collection":[{"href":"https:\/\/carrentalsri.com\/es\/wp-json\/wp\/v2\/pages"}],"about":[{"href":"https:\/\/carrentalsri.com\/es\/wp-json\/wp\/v2\/types\/page"}],"author":[{"embeddable":true,"href":"https:\/\/carrentalsri.com\/es\/wp-json\/wp\/v2\/users\/2"}],"replies":[{"embeddable":true,"href":"https:\/\/carrentalsri.com\/es\/wp-json\/wp\/v2\/comments?post=349"}],"version-history":[{"count":5,"href":"https:\/\/carrentalsri.com\/es\/wp-json\/wp\/v2\/pages\/349\/revisions"}],"predecessor-version":[{"id":664,"href":"https:\/\/carrentalsri.com\/es\/wp-json\/wp\/v2\/pages\/349\/revisions\/664"}],"wp:attachment":[{"href":"https:\/\/carrentalsri.com\/es\/wp-json\/wp\/v2\/media?parent=349"}],"curies":[{"name":"wp","href":"https:\/\/api.w.org\/{rel}","templated":true}]}}